{"id":176,"date":"2023-09-20T07:09:04","date_gmt":"2023-09-20T07:09:04","guid":{"rendered":"http:\/\/localhost\/wisdom-weave\/?page_id=176"},"modified":"2024-04-10T14:56:16","modified_gmt":"2024-04-10T14:56:16","slug":"about-organization","status":"publish","type":"page","link":"https:\/\/wisdomweave.at\/de\/about-organization\/","title":{"rendered":"About Organization"},"content":{"rendered":"\t\t<div data-elementor-type=\"wp-page\" data-elementor-id=\"176\" class=\"elementor elementor-176\">\n\t\t\t\t\t\t\t\t\t<section class=\"elementor-section elementor-top-section elementor-element elementor-element-01b568d elementor-section-full_width elementor-section-height-default elementor-section-height-default\" data-id=\"01b568d\" data-element_type=\"section\" data-settings=\"{&quot;background_background&quot;:&quot;classic&quot;}\">\n\t\t\t\t\t\t<div class=\"elementor-container elementor-column-gap-default\">\n\t\t\t\t\t<div class=\"elementor-column elementor-col-100 elementor-top-column elementor-element elementor-element-5357041\" data-id=\"5357041\" data-element_type=\"column\">\n\t\t\t<div class=\"elementor-widget-wrap elementor-element-populated\">\n\t\t\t\t\t\t\t\t<section class=\"elementor-section elementor-inner-section elementor-element elementor-element-348fc4c elementor-section-boxed elementor-section-height-default elementor-section-height-default\" data-id=\"348fc4c\" data-element_type=\"section\">\n\t\t\t\t\t\t<div class=\"elementor-container elementor-column-gap-default\">\n\t\t\t\t\t<div class=\"elementor-column elementor-col-100 elementor-inner-column elementor-element elementor-element-6127800\" data-id=\"6127800\" data-element_type=\"column\">\n\t\t\t<div class=\"elementor-widget-wrap elementor-element-populated\">\n\t\t\t\t\t\t\t\t<div class=\"elementor-element elementor-element-d633ef0 elementor-widget elementor-widget-heading\" data-id=\"d633ef0\" data-element_type=\"widget\" data-widget_type=\"heading.default\">\n\t\t\t\t<div class=\"elementor-widget-container\">\n\t\t\t<style>\/*! elementor - v3.13.3 - 28-05-2023 *\/\n.elementor-heading-title{padding:0;margin:0;line-height:1}.elementor-widget-heading .elementor-heading-title[class*=elementor-size-]>a{color:inherit;font-size:inherit;line-height:inherit}.elementor-widget-heading .elementor-heading-title.elementor-size-small{font-size:15px}.elementor-widget-heading .elementor-heading-title.elementor-size-medium{font-size:19px}.elementor-widget-heading .elementor-heading-title.elementor-size-large{font-size:29px}.elementor-widget-heading .elementor-heading-title.elementor-size-xl{font-size:39px}.elementor-widget-heading .elementor-heading-title.elementor-size-xxl{font-size:59px}<\/style><h2 class=\"elementor-heading-title elementor-size-default\">\u00dcber Uns<\/h2>\t\t<\/div>\n\t\t\t\t<\/div>\n\t\t\t\t\t<\/div>\n\t\t<\/div>\n\t\t\t\t\t\t\t<\/div>\n\t\t<\/section>\n\t\t\t\t\t<\/div>\n\t\t<\/div>\n\t\t\t\t\t\t\t<\/div>\n\t\t<\/section>\n\t\t\t\t<section class=\"elementor-section elementor-top-section elementor-element elementor-element-8fa6cbd elementor-section-boxed elementor-section-height-default elementor-section-height-default\" data-id=\"8fa6cbd\" data-element_type=\"section\" data-settings=\"{&quot;background_background&quot;:&quot;classic&quot;}\">\n\t\t\t\t\t\t<div class=\"elementor-container elementor-column-gap-default\">\n\t\t\t\t\t<div class=\"elementor-column elementor-col-100 elementor-top-column elementor-element elementor-element-7628849\" data-id=\"7628849\" data-element_type=\"column\">\n\t\t\t<div class=\"elementor-widget-wrap elementor-element-populated\">\n\t\t\t\t\t\t\t\t<div class=\"elementor-element elementor-element-72bcf5e elementor-widget elementor-widget-text-editor\" data-id=\"72bcf5e\" data-element_type=\"widget\" data-widget_type=\"text-editor.default\">\n\t\t\t\t<div class=\"elementor-widget-container\">\n\t\t\t<style>\/*! elementor - v3.13.3 - 28-05-2023 *\/\n.elementor-widget-text-editor.elementor-drop-cap-view-stacked .elementor-drop-cap{background-color:#69727d;color:#fff}.elementor-widget-text-editor.elementor-drop-cap-view-framed .elementor-drop-cap{color:#69727d;border:3px solid;background-color:transparent}.elementor-widget-text-editor:not(.elementor-drop-cap-view-default) .elementor-drop-cap{margin-top:8px}.elementor-widget-text-editor:not(.elementor-drop-cap-view-default) .elementor-drop-cap-letter{width:1em;height:1em}.elementor-widget-text-editor .elementor-drop-cap{float:left;text-align:center;line-height:1;font-size:50px}.elementor-widget-text-editor .elementor-drop-cap-letter{display:inline-block}<\/style>\t\t\t\t<p>Wisdom Weave ist eine gemeinn\u00fctzige Organisation und eine community-getriebene Plattform, die sich der F\u00f6rderung des Wissenstransfers, des Aufbaus von Gemeinschaften und intergenerationalen Verbindungen im lokalen Umfeld verschrieben hat. Wisdom Weave bringt eine bemerkenswerte Gruppe von Senior-Expert:innen zusammen, die im Laufe der Jahre eine F\u00fclle von Lebenserfahrungen und beruflichem Fachwissen gesammelt haben. Ihr kollektives Wissen und ihre Bereitschaft zur Weitergabe machen sie zu unsch\u00e4tzbaren Ressourcen f\u00fcr j\u00fcngere Erwachsene, die nach Orientierung und Inspiration suchen. Entdecken Sie unsere Plattform, um die Weisheit lokaler Experten zu erschlie\u00dfen und Teil einer lebendigen Gemeinschaft zu sein, die dem lebenslangen Lernen gewidmet ist.<\/p>\t\t\t\t\t\t<\/div>\n\t\t\t\t<\/div>\n\t\t\t\t\t<\/div>\n\t\t<\/div>\n\t\t\t\t\t\t\t<\/div>\n\t\t<\/section>\n\t\t\t\t<section class=\"elementor-section elementor-top-section elementor-element elementor-element-61f7322 elementor-section-full_width elementor-section-height-default elementor-section-height-default\" data-id=\"61f7322\" data-element_type=\"section\" data-settings=\"{&quot;background_background&quot;:&quot;classic&quot;}\">\n\t\t\t\t\t\t<div class=\"elementor-container elementor-column-gap-default\">\n\t\t\t\t\t<div class=\"elementor-column elementor-col-100 elementor-top-column elementor-element elementor-element-0f7c64f\" data-id=\"0f7c64f\" data-element_type=\"column\">\n\t\t\t<div class=\"elementor-widget-wrap elementor-element-populated\">\n\t\t\t\t\t\t\t\t<section class=\"elementor-section elementor-inner-section elementor-element elementor-element-5df153a elementor-section-boxed elementor-section-height-default elementor-section-height-default\" data-id=\"5df153a\" data-element_type=\"section\">\n\t\t\t\t\t\t<div class=\"elementor-container elementor-column-gap-default\">\n\t\t\t\t\t<div class=\"elementor-column elementor-col-50 elementor-inner-column elementor-element elementor-element-cec8472\" data-id=\"cec8472\" data-element_type=\"column\" data-settings=\"{&quot;background_background&quot;:&quot;classic&quot;}\">\n\t\t\t<div class=\"elementor-widget-wrap elementor-element-populated\">\n\t\t\t\t\t\t\t\t<div class=\"elementor-element elementor-element-7a600fd elementor-position-top elementor-vertical-align-top elementor-widget elementor-widget-image-box\" data-id=\"7a600fd\" data-element_type=\"widget\" data-widget_type=\"image-box.default\">\n\t\t\t\t<div class=\"elementor-widget-container\">\n\t\t\t<style>\/*! elementor - v3.13.3 - 28-05-2023 *\/\n.elementor-widget-image-box .elementor-image-box-content{width:100%}@media (min-width:768px){.elementor-widget-image-box.elementor-position-left .elementor-image-box-wrapper,.elementor-widget-image-box.elementor-position-right .elementor-image-box-wrapper{display:flex}.elementor-widget-image-box.elementor-position-right .elementor-image-box-wrapper{text-align:right;flex-direction:row-reverse}.elementor-widget-image-box.elementor-position-left .elementor-image-box-wrapper{text-align:left;flex-direction:row}.elementor-widget-image-box.elementor-position-top .elementor-image-box-img{margin:auto}.elementor-widget-image-box.elementor-vertical-align-top .elementor-image-box-wrapper{align-items:flex-start}.elementor-widget-image-box.elementor-vertical-align-middle .elementor-image-box-wrapper{align-items:center}.elementor-widget-image-box.elementor-vertical-align-bottom .elementor-image-box-wrapper{align-items:flex-end}}@media (max-width:767px){.elementor-widget-image-box .elementor-image-box-img{margin-left:auto!important;margin-right:auto!important;margin-bottom:15px}}.elementor-widget-image-box .elementor-image-box-img{display:inline-block}.elementor-widget-image-box .elementor-image-box-title a{color:inherit}.elementor-widget-image-box .elementor-image-box-wrapper{text-align:center}.elementor-widget-image-box .elementor-image-box-description{margin:0}<\/style><div class=\"elementor-image-box-wrapper\"><figure class=\"elementor-image-box-img\"><img loading=\"lazy\" decoding=\"async\" width=\"115\" height=\"109\" src=\"https:\/\/wisdomweave.at\/wp-content\/uploads\/2023\/09\/our-mission_03.png\" class=\"attachment-full size-full wp-image-77\" alt=\"\" style=\"width:100%;height:94.78%;max-width:115px\" \/><\/figure><div class=\"elementor-image-box-content\"><h3 class=\"elementor-image-box-title\"> Mission <\/h3><\/div><\/div>\t\t<\/div>\n\t\t\t\t<\/div>\n\t\t\t\t\t<\/div>\n\t\t<\/div>\n\t\t\t\t<div class=\"elementor-column elementor-col-50 elementor-inner-column elementor-element elementor-element-2b0d588\" data-id=\"2b0d588\" data-element_type=\"column\" data-settings=\"{&quot;background_background&quot;:&quot;classic&quot;}\">\n\t\t\t<div class=\"elementor-widget-wrap elementor-element-populated\">\n\t\t\t\t\t\t\t\t<div class=\"elementor-element elementor-element-be8112e elementor-widget elementor-widget-text-editor\" data-id=\"be8112e\" data-element_type=\"widget\" data-widget_type=\"text-editor.default\">\n\t\t\t\t<div class=\"elementor-widget-container\">\n\t\t\t\t\t\t\t<p><span style=\"color: var( --e-global-color-text ); font-family: var( --e-global-typography-text-font-family ), Sans-serif; font-weight: var( --e-global-typography-text-font-weight ); font-size: var(--global--font-size-base);\">Unsere Mission ist es, die Generationsl\u00fccke zu \u00fcberbr\u00fccken, intergenerationale Beziehungen zu f\u00f6rdern und zur sozialen Nachhaltigkeit beizutragen.<\/span><\/p>\t\t\t\t\t\t<\/div>\n\t\t\t\t<\/div>\n\t\t\t\t\t<\/div>\n\t\t<\/div>\n\t\t\t\t\t\t\t<\/div>\n\t\t<\/section>\n\t\t\t\t<section class=\"elementor-section elementor-inner-section elementor-element elementor-element-3e659fe elementor-reverse-mobile elementor-section-boxed elementor-section-height-default elementor-section-height-default\" data-id=\"3e659fe\" data-element_type=\"section\">\n\t\t\t\t\t\t<div class=\"elementor-container elementor-column-gap-default\">\n\t\t\t\t\t<div class=\"elementor-column elementor-col-50 elementor-inner-column elementor-element elementor-element-1e32544\" data-id=\"1e32544\" data-element_type=\"column\" data-settings=\"{&quot;background_background&quot;:&quot;classic&quot;}\">\n\t\t\t<div class=\"elementor-widget-wrap elementor-element-populated\">\n\t\t\t\t\t\t\t\t<div class=\"elementor-element elementor-element-721a1f6 elementor-position-top elementor-vertical-align-top elementor-widget elementor-widget-image-box\" data-id=\"721a1f6\" data-element_type=\"widget\" data-widget_type=\"image-box.default\">\n\t\t\t\t<div class=\"elementor-widget-container\">\n\t\t\t<div class=\"elementor-image-box-wrapper\"><figure class=\"elementor-image-box-img\"><img loading=\"lazy\" decoding=\"async\" width=\"115\" height=\"107\" src=\"https:\/\/wisdomweave.at\/wp-content\/uploads\/2023\/09\/our-vision_03.png\" class=\"attachment-full size-full wp-image-78\" alt=\"\" style=\"width:100%;height:93.04%;max-width:115px\" \/><\/figure><div class=\"elementor-image-box-content\"><h3 class=\"elementor-image-box-title\"> Vision <\/h3><\/div><\/div>\t\t<\/div>\n\t\t\t\t<\/div>\n\t\t\t\t\t<\/div>\n\t\t<\/div>\n\t\t\t\t<div class=\"elementor-column elementor-col-50 elementor-inner-column elementor-element elementor-element-08e4577\" data-id=\"08e4577\" data-element_type=\"column\" data-settings=\"{&quot;background_background&quot;:&quot;classic&quot;}\">\n\t\t\t<div class=\"elementor-widget-wrap elementor-element-populated\">\n\t\t\t\t\t\t\t\t<div class=\"elementor-element elementor-element-f949c61 elementor-widget elementor-widget-text-editor\" data-id=\"f949c61\" data-element_type=\"widget\" data-widget_type=\"text-editor.default\">\n\t\t\t\t<div class=\"elementor-widget-container\">\n\t\t\t\t\t\t\t<p><span style=\"color: var( --e-global-color-text ); font-family: var( --e-global-typography-text-font-family ), Sans-serif; font-weight: var( --e-global-typography-text-font-weight ); font-size: var(--global--font-size-base);\">Unsere Vision ist es, ein lebendiges und nachhaltiges soziales \u00d6kosystem zu schaffen, in dem Generationen zusammenkommen, um Weisheit zu teilen, Mentorship auszutauschen, lebenslanges Lernen zu f\u00f6rdern und Beziehungen zu kn\u00fcpfen.<\/span><\/p>\t\t\t\t\t\t<\/div>\n\t\t\t\t<\/div>\n\t\t\t\t\t<\/div>\n\t\t<\/div>\n\t\t\t\t\t\t\t<\/div>\n\t\t<\/section>\n\t\t\t\t<section class=\"elementor-section elementor-inner-section elementor-element elementor-element-41f5632 elementor-reverse-mobile elementor-section-boxed elementor-section-height-default elementor-section-height-default\" data-id=\"41f5632\" data-element_type=\"section\">\n\t\t\t\t\t\t<div class=\"elementor-container elementor-column-gap-default\">\n\t\t\t\t\t<div class=\"elementor-column elementor-col-50 elementor-inner-column elementor-element elementor-element-db99e5a\" data-id=\"db99e5a\" data-element_type=\"column\" data-settings=\"{&quot;background_background&quot;:&quot;classic&quot;}\">\n\t\t\t<div class=\"elementor-widget-wrap elementor-element-populated\">\n\t\t\t\t\t\t\t\t<div class=\"elementor-element elementor-element-b9d1f84 elementor-position-top elementor-vertical-align-top elementor-widget elementor-widget-image-box\" data-id=\"b9d1f84\" data-element_type=\"widget\" data-widget_type=\"image-box.default\">\n\t\t\t\t<div class=\"elementor-widget-container\">\n\t\t\t<div class=\"elementor-image-box-wrapper\"><figure class=\"elementor-image-box-img\"><img loading=\"lazy\" decoding=\"async\" width=\"115\" height=\"107\" src=\"https:\/\/wisdomweave.at\/wp-content\/uploads\/2023\/09\/our_03.png\" class=\"attachment-full size-full wp-image-79\" alt=\"\" style=\"width:100%;height:93.04%;max-width:115px\" \/><\/figure><div class=\"elementor-image-box-content\"><h3 class=\"elementor-image-box-title\"> Team <\/h3><\/div><\/div>\t\t<\/div>\n\t\t\t\t<\/div>\n\t\t\t\t\t<\/div>\n\t\t<\/div>\n\t\t\t\t<div class=\"elementor-column elementor-col-50 elementor-inner-column elementor-element elementor-element-4645084\" data-id=\"4645084\" data-element_type=\"column\" data-settings=\"{&quot;background_background&quot;:&quot;classic&quot;}\">\n\t\t\t<div class=\"elementor-widget-wrap elementor-element-populated\">\n\t\t\t\t\t\t\t\t<div class=\"elementor-element elementor-element-b6c94c9 elementor-widget elementor-widget-text-editor\" data-id=\"b6c94c9\" data-element_type=\"widget\" data-widget_type=\"text-editor.default\">\n\t\t\t\t<div class=\"elementor-widget-container\">\n\t\t\t\t\t\t\t<p>Hinter Wisdom Weave steht ein engagiertes Team von leidenschaftlichen Einzelpersonen, die sich dem Aufbau einer Plattform verschrieben haben, die Generationen miteinander verbindet und Weisheit feiert. Unser Team besteht aus \u00dcber Wisdom Weave Wirkungsbereiche Weisheitspool Gemeindezentrum Mitmachen Blog Kontaktieren Sie Uns erfahrenen Fachleuten in den Bereichen Gemeindeentwicklung, Bildung und Technologie, die ein gemeinsames Ziel verfolgen: lebenslanges Lernen, Wissensaustausch und intergenerationale Beziehungen zu f\u00f6rdern. Gemeinsam streben wir danach, eine einladende und bereichernde Umgebung f\u00fcr alle in unserer Gemeinschaft zu schaffen.<\/p>\t\t\t\t\t\t<\/div>\n\t\t\t\t<\/div>\n\t\t\t\t\t<\/div>\n\t\t<\/div>\n\t\t\t\t\t\t\t<\/div>\n\t\t<\/section>\n\t\t\t\t\t<\/div>\n\t\t<\/div>\n\t\t\t\t\t\t\t<\/div>\n\t\t<\/section>\n\t\t\t\t<section class=\"elementor-section elementor-top-section elementor-element elementor-element-49d1440 elementor-section-boxed elementor-section-height-default elementor-section-height-default\" data-id=\"49d1440\" data-element_type=\"section\" data-settings=\"{&quot;background_background&quot;:&quot;classic&quot;}\">\n\t\t\t\t\t\t<div class=\"elementor-container elementor-column-gap-default\">\n\t\t\t\t\t<div class=\"elementor-column elementor-col-100 elementor-top-column elementor-element elementor-element-b09cb45\" data-id=\"b09cb45\" data-element_type=\"column\">\n\t\t\t<div class=\"elementor-widget-wrap elementor-element-populated\">\n\t\t\t\t\t\t\t\t<div class=\"elementor-element elementor-element-2b8a66a elementor-widget elementor-widget-heading\" data-id=\"2b8a66a\" data-element_type=\"widget\" data-widget_type=\"heading.default\">\n\t\t\t\t<div class=\"elementor-widget-container\">\n\t\t\t<h2 class=\"elementor-heading-title elementor-size-default\">Meet the Team<\/h2>\t\t<\/div>\n\t\t\t\t<\/div>\n\t\t\t\t<div class=\"elementor-element elementor-element-9ae5b0d elementor-grid-3 elementor-grid-tablet-2 elementor-grid-mobile-1 elementor-widget elementor-widget-portfolio\" data-id=\"9ae5b0d\" data-element_type=\"widget\" data-settings=\"{&quot;item_ratio&quot;:{&quot;unit&quot;:&quot;px&quot;,&quot;size&quot;:1,&quot;sizes&quot;:[]},&quot;columns&quot;:&quot;3&quot;,&quot;columns_tablet&quot;:&quot;2&quot;,&quot;columns_mobile&quot;:&quot;1&quot;,&quot;item_gap&quot;:{&quot;unit&quot;:&quot;px&quot;,&quot;size&quot;:&quot;&quot;,&quot;sizes&quot;:[]},&quot;row_gap&quot;:{&quot;unit&quot;:&quot;px&quot;,&quot;size&quot;:&quot;&quot;,&quot;sizes&quot;:[]}}\" data-widget_type=\"portfolio.default\">\n\t\t\t\t<div class=\"elementor-widget-container\">\n\t\t\t<link rel=\"stylesheet\" href=\"https:\/\/wisdomweave.at\/wp-content\/plugins\/elementor-pro\/assets\/css\/widget-posts.min.css\">\t\t<div class=\"elementor-portfolio elementor-grid elementor-posts-container\">\n\t\t\t\t<article class=\"elementor-portfolio-item elementor-post  post-1617 post type-post status-publish format-standard has-post-thumbnail hentry category-team entry\">\n\t\t\t<a class=\"elementor-post__thumbnail__link\" href=\"https:\/\/wisdomweave.at\/de\/santosh-giri-founder\/\">\n\t\t\t\t<div class=\"elementor-portfolio-item__img elementor-post__thumbnail\">\n\t\t\t<img loading=\"lazy\" decoding=\"async\" width=\"1067\" height=\"1600\" src=\"https:\/\/wisdomweave.at\/wp-content\/uploads\/2024\/04\/WhatsApp-Image-2024-04-10-at-12.25.56_bac6f728.jpg\" class=\"attachment-full size-full wp-image-1621\" alt=\"\" srcset=\"https:\/\/wisdomweave.at\/wp-content\/uploads\/2024\/04\/WhatsApp-Image-2024-04-10-at-12.25.56_bac6f728.jpg 1067w, https:\/\/wisdomweave.at\/wp-content\/uploads\/2024\/04\/WhatsApp-Image-2024-04-10-at-12.25.56_bac6f728-200x300.jpg 200w, https:\/\/wisdomweave.at\/wp-content\/uploads\/2024\/04\/WhatsApp-Image-2024-04-10-at-12.25.56_bac6f728-683x1024.jpg 683w, https:\/\/wisdomweave.at\/wp-content\/uploads\/2024\/04\/WhatsApp-Image-2024-04-10-at-12.25.56_bac6f728-768x1152.jpg 768w, https:\/\/wisdomweave.at\/wp-content\/uploads\/2024\/04\/WhatsApp-Image-2024-04-10-at-12.25.56_bac6f728-1024x1536.jpg 1024w\" sizes=\"auto, (max-width: 1067px) 100vw, 1067px\" style=\"width:100%;height:149.95%;max-width:1067px\" \/>\t\t<\/div>\n\t\t\t\t<div class=\"elementor-portfolio-item__overlay\">\n\t\t\t\t<h3 class=\"elementor-portfolio-item__title\">\n\t\tSantosh Giri, Gr\u00fcnder\t\t<\/h3>\n\t\t\t\t<\/div>\n\t\t\t\t<\/a>\n\t\t<\/article>\n\t\t\t\t<article class=\"elementor-portfolio-item elementor-post  post-1626 post type-post status-publish format-standard has-post-thumbnail hentry category-team entry\">\n\t\t\t<a class=\"elementor-post__thumbnail__link\" href=\"https:\/\/wisdomweave.at\/de\/noal-balint-webmaster\/\">\n\t\t\t\t<div class=\"elementor-portfolio-item__img elementor-post__thumbnail\">\n\t\t\t<img loading=\"lazy\" decoding=\"async\" width=\"800\" height=\"800\" src=\"https:\/\/wisdomweave.at\/wp-content\/uploads\/2024\/04\/Noal.jpg\" class=\"attachment-full size-full wp-image-1618\" alt=\"\" srcset=\"https:\/\/wisdomweave.at\/wp-content\/uploads\/2024\/04\/Noal.jpg 800w, https:\/\/wisdomweave.at\/wp-content\/uploads\/2024\/04\/Noal-300x300.jpg 300w, https:\/\/wisdomweave.at\/wp-content\/uploads\/2024\/04\/Noal-150x150.jpg 150w, https:\/\/wisdomweave.at\/wp-content\/uploads\/2024\/04\/Noal-768x768.jpg 768w\" sizes=\"auto, (max-width: 800px) 100vw, 800px\" style=\"width:100%;height:100%;max-width:800px\" \/>\t\t<\/div>\n\t\t\t\t<div class=\"elementor-portfolio-item__overlay\">\n\t\t\t\t<h3 class=\"elementor-portfolio-item__title\">\n\t\tNoal Balint, Webmaster\t\t<\/h3>\n\t\t\t\t<\/div>\n\t\t\t\t<\/a>\n\t\t<\/article>\n\t\t\t\t<article class=\"elementor-portfolio-item elementor-post  post-1631 post type-post status-publish format-standard has-post-thumbnail hentry category-team entry\">\n\t\t\t<a class=\"elementor-post__thumbnail__link\" href=\"https:\/\/wisdomweave.at\/de\/ilse-lex-wisdom-networker\/\">\n\t\t\t\t<div class=\"elementor-portfolio-item__img elementor-post__thumbnail\">\n\t\t\t<img loading=\"lazy\" decoding=\"async\" width=\"187\" height=\"120\" src=\"https:\/\/wisdomweave.at\/wp-content\/uploads\/2023\/09\/logo_03-1.png\" class=\"attachment-full size-full wp-image-912\" alt=\"\" style=\"width:100%;height:64.17%;max-width:187px\" \/>\t\t<\/div>\n\t\t\t\t<div class=\"elementor-portfolio-item__overlay\">\n\t\t\t\t<h3 class=\"elementor-portfolio-item__title\">\n\t\tIlse Lex, Wissens Netzwerkerin\t\t<\/h3>\n\t\t\t\t<\/div>\n\t\t\t\t<\/a>\n\t\t<\/article>\n\t\t\t\t<\/div>\n\t\t\t\t<\/div>\n\t\t\t\t<\/div>\n\t\t\t\t\t<\/div>\n\t\t<\/div>\n\t\t\t\t\t\t\t<\/div>\n\t\t<\/section>\n\t\t\t\t\t\t\t<\/div>\n\t\t","protected":false},"excerpt":{"rendered":"<p>\u00dcber Uns Wisdom Weave ist eine gemeinn\u00fctzige Organisation und eine community-getriebene Plattform, die sich der F\u00f6rderung des Wissenstransfers, des Aufbaus von Gemeinschaften und intergenerationalen Verbindungen im lokalen Umfeld verschrieben hat. Wisdom Weave bringt eine bemerkenswerte Gruppe von Senior-Expert:innen zusammen, die im Laufe der Jahre eine F\u00fclle von Lebenserfahrungen und beruflichem Fachwissen gesammelt haben. Ihr kollektives&hellip; <a class=\"more-link\" href=\"https:\/\/wisdomweave.at\/de\/ilse-lex-wisdom-networker\/\"><span class=\"screen-reader-text\">Ilse Lex, Wissens Netzwerkerin<\/span> weiterlesen<\/a><\/p>\n","protected":false},"author":1,"featured_media":0,"parent":0,"menu_order":0,"comment_status":"closed","ping_status":"closed","template":"elementor_header_footer","meta":{"footnotes":""},"class_list":["post-176","page","type-page","status-publish","hentry","entry"],"_links":{"self":[{"href":"https:\/\/wisdomweave.at\/de\/wp-json\/wp\/v2\/pages\/176","targetHints":{"allow":["GET"]}}],"collection":[{"href":"https:\/\/wisdomweave.at\/de\/wp-json\/wp\/v2\/pages"}],"about":[{"href":"https:\/\/wisdomweave.at\/de\/wp-json\/wp\/v2\/types\/page"}],"author":[{"embeddable":true,"href":"https:\/\/wisdomweave.at\/de\/wp-json\/wp\/v2\/users\/1"}],"replies":[{"embeddable":true,"href":"https:\/\/wisdomweave.at\/de\/wp-json\/wp\/v2\/comments?post=176"}],"version-history":[{"count":140,"href":"https:\/\/wisdomweave.at\/de\/wp-json\/wp\/v2\/pages\/176\/revisions"}],"predecessor-version":[{"id":1793,"href":"https:\/\/wisdomweave.at\/de\/wp-json\/wp\/v2\/pages\/176\/revisions\/1793"}],"wp:attachment":[{"href":"https:\/\/wisdomweave.at\/de\/wp-json\/wp\/v2\/media?parent=176"}],"curies":[{"name":"wp","href":"https:\/\/api.w.org\/{rel}","templated":true}]}}