{"id":198,"date":"2023-09-20T08:21:28","date_gmt":"2023-09-20T08:21:28","guid":{"rendered":"http:\/\/localhost\/wisdom-weave\/?page_id=198"},"modified":"2024-04-10T09:39:43","modified_gmt":"2024-04-10T09:39:43","slug":"service-area","status":"publish","type":"page","link":"https:\/\/wisdomweave.at\/de\/service-area\/","title":{"rendered":"Service Area"},"content":{"rendered":"\t\t<div data-elementor-type=\"wp-page\" data-elementor-id=\"198\" class=\"elementor elementor-198\">\n\t\t\t\t\t\t\t\t\t<section class=\"elementor-section elementor-top-section elementor-element elementor-element-0d745dc elementor-section-full_width elementor-section-height-default elementor-section-height-default\" data-id=\"0d745dc\" data-element_type=\"section\" data-settings=\"{&quot;background_background&quot;:&quot;classic&quot;}\">\n\t\t\t\t\t\t<div class=\"elementor-container elementor-column-gap-default\">\n\t\t\t\t\t<div class=\"elementor-column elementor-col-100 elementor-top-column elementor-element elementor-element-8b00ef5\" data-id=\"8b00ef5\" data-element_type=\"column\">\n\t\t\t<div class=\"elementor-widget-wrap elementor-element-populated\">\n\t\t\t\t\t\t\t\t<section class=\"elementor-section elementor-inner-section elementor-element elementor-element-20fc414 elementor-section-boxed elementor-section-height-default elementor-section-height-default\" data-id=\"20fc414\" data-element_type=\"section\">\n\t\t\t\t\t\t<div class=\"elementor-container elementor-column-gap-default\">\n\t\t\t\t\t<div class=\"elementor-column elementor-col-100 elementor-inner-column elementor-element elementor-element-764757b\" data-id=\"764757b\" data-element_type=\"column\">\n\t\t\t<div class=\"elementor-widget-wrap elementor-element-populated\">\n\t\t\t\t\t\t\t\t<div class=\"elementor-element elementor-element-729f664 elementor-widget elementor-widget-heading\" data-id=\"729f664\" data-element_type=\"widget\" data-widget_type=\"heading.default\">\n\t\t\t\t<div class=\"elementor-widget-container\">\n\t\t\t<style>\/*! elementor - v3.13.3 - 28-05-2023 *\/\n.elementor-heading-title{padding:0;margin:0;line-height:1}.elementor-widget-heading .elementor-heading-title[class*=elementor-size-]>a{color:inherit;font-size:inherit;line-height:inherit}.elementor-widget-heading .elementor-heading-title.elementor-size-small{font-size:15px}.elementor-widget-heading .elementor-heading-title.elementor-size-medium{font-size:19px}.elementor-widget-heading .elementor-heading-title.elementor-size-large{font-size:29px}.elementor-widget-heading .elementor-heading-title.elementor-size-xl{font-size:39px}.elementor-widget-heading .elementor-heading-title.elementor-size-xxl{font-size:59px}<\/style><h2 class=\"elementor-heading-title elementor-size-default\">Wirkungsbereiche<\/h2>\t\t<\/div>\n\t\t\t\t<\/div>\n\t\t\t\t\t<\/div>\n\t\t<\/div>\n\t\t\t\t\t\t\t<\/div>\n\t\t<\/section>\n\t\t\t\t\t<\/div>\n\t\t<\/div>\n\t\t\t\t\t\t\t<\/div>\n\t\t<\/section>\n\t\t\t\t<section class=\"elementor-section elementor-top-section elementor-element elementor-element-81736a6 elementor-hidden-tablet elementor-section-boxed elementor-section-height-default elementor-section-height-default\" data-id=\"81736a6\" data-element_type=\"section\" data-settings=\"{&quot;background_background&quot;:&quot;classic&quot;}\">\n\t\t\t\t\t\t<div class=\"elementor-container elementor-column-gap-default\">\n\t\t\t\t\t<div class=\"elementor-column elementor-col-100 elementor-top-column elementor-element elementor-element-cb661e5\" data-id=\"cb661e5\" data-element_type=\"column\">\n\t\t\t<div class=\"elementor-widget-wrap elementor-element-populated\">\n\t\t\t\t\t\t\t\t<section class=\"elementor-section elementor-inner-section elementor-element elementor-element-a8f43ee elementor-section-boxed elementor-section-height-default elementor-section-height-default\" data-id=\"a8f43ee\" data-element_type=\"section\">\n\t\t\t\t\t\t<div class=\"elementor-container elementor-column-gap-default\">\n\t\t\t\t\t<div class=\"elementor-column elementor-col-50 elementor-inner-column elementor-element elementor-element-8742602\" data-id=\"8742602\" data-element_type=\"column\">\n\t\t\t<div class=\"elementor-widget-wrap elementor-element-populated\">\n\t\t\t\t\t\t\t\t<div class=\"elementor-element elementor-element-6e99e5c elementor-widget elementor-widget-image\" data-id=\"6e99e5c\" data-element_type=\"widget\" data-widget_type=\"image.default\">\n\t\t\t\t<div class=\"elementor-widget-container\">\n\t\t\t<style>\/*! elementor - v3.13.3 - 28-05-2023 *\/\n.elementor-widget-image{text-align:center}.elementor-widget-image a{display:inline-block}.elementor-widget-image a img[src$=\".svg\"]{width:48px}.elementor-widget-image img{vertical-align:middle;display:inline-block}<\/style>\t\t\t\t\t\t\t\t\t\t\t\t<img loading=\"lazy\" decoding=\"async\" width=\"700\" height=\"467\" src=\"https:\/\/wisdomweave.at\/wp-content\/uploads\/2023\/09\/blog-img-1-e1712582381446.jpg\" class=\"attachment-large size-large wp-image-1199\" alt=\"\" srcset=\"https:\/\/wisdomweave.at\/wp-content\/uploads\/2023\/09\/blog-img-1-e1712582381446.jpg 700w, https:\/\/wisdomweave.at\/wp-content\/uploads\/2023\/09\/blog-img-1-e1712582381446-300x200.jpg 300w\" sizes=\"auto, (max-width: 700px) 100vw, 700px\" style=\"width:100%;height:66.71%;max-width:700px\" \/>\t\t\t\t\t\t\t\t\t\t\t\t\t\t\t<\/div>\n\t\t\t\t<\/div>\n\t\t\t\t\t<\/div>\n\t\t<\/div>\n\t\t\t\t<div class=\"elementor-column elementor-col-50 elementor-inner-column elementor-element elementor-element-1d74e9c\" data-id=\"1d74e9c\" data-element_type=\"column\">\n\t\t\t<div class=\"elementor-widget-wrap elementor-element-populated\">\n\t\t\t\t\t\t\t\t<div class=\"elementor-element elementor-element-111bc7f elementor-widget elementor-widget-heading\" data-id=\"111bc7f\" data-element_type=\"widget\" data-widget_type=\"heading.default\">\n\t\t\t\t<div class=\"elementor-widget-container\">\n\t\t\t<h2 class=\"elementor-heading-title elementor-size-default\"><a href=\"https:\/\/wisdomweave.at\/de\/knowledge-transfer\/\">Wissenstransfer<\/a><\/h2>\t\t<\/div>\n\t\t\t\t<\/div>\n\t\t\t\t<div class=\"elementor-element elementor-element-421e01f elementor-widget elementor-widget-text-editor\" data-id=\"421e01f\" data-element_type=\"widget\" data-widget_type=\"text-editor.default\">\n\t\t\t\t<div class=\"elementor-widget-container\">\n\t\t\t<style>\/*! elementor - v3.13.3 - 28-05-2023 *\/\n.elementor-widget-text-editor.elementor-drop-cap-view-stacked .elementor-drop-cap{background-color:#69727d;color:#fff}.elementor-widget-text-editor.elementor-drop-cap-view-framed .elementor-drop-cap{color:#69727d;border:3px solid;background-color:transparent}.elementor-widget-text-editor:not(.elementor-drop-cap-view-default) .elementor-drop-cap{margin-top:8px}.elementor-widget-text-editor:not(.elementor-drop-cap-view-default) .elementor-drop-cap-letter{width:1em;height:1em}.elementor-widget-text-editor .elementor-drop-cap{float:left;text-align:center;line-height:1;font-size:50px}.elementor-widget-text-editor .elementor-drop-cap-letter{display:inline-block}<\/style>\t\t\t\t<p><font color=\"#666666\">Diese einzigartige Initiative basiert auf der Erkenntnis des Reichtums an Weisheit, den lokale Weisheitstr\u00e4ger:innen besitzen, und der Notwendigkeit, ihn an zuk\u00fcnftige Generationen weiterzugeben. Durch die Nutzung eines Netzwerks von Senior-Experten und eines physischen Gemeindezentrums bietet Wisdom Weave eine einzigartige Plattform f\u00fcr den Wissensaustausch.<\/font><br><\/p>\t\t\t\t\t\t<\/div>\n\t\t\t\t<\/div>\n\t\t\t\t\t<\/div>\n\t\t<\/div>\n\t\t\t\t\t\t\t<\/div>\n\t\t<\/section>\n\t\t\t\t<section class=\"elementor-section elementor-inner-section elementor-element elementor-element-9c84704 elementor-section-boxed elementor-section-height-default elementor-section-height-default\" data-id=\"9c84704\" data-element_type=\"section\">\n\t\t\t\t\t\t<div class=\"elementor-container elementor-column-gap-default\">\n\t\t\t\t\t<div class=\"elementor-column elementor-col-50 elementor-inner-column elementor-element elementor-element-c7d2763\" data-id=\"c7d2763\" data-element_type=\"column\">\n\t\t\t<div class=\"elementor-widget-wrap elementor-element-populated\">\n\t\t\t\t\t\t\t\t<div class=\"elementor-element elementor-element-b4c359d elementor-widget elementor-widget-image\" data-id=\"b4c359d\" data-element_type=\"widget\" data-widget_type=\"image.default\">\n\t\t\t\t<div class=\"elementor-widget-container\">\n\t\t\t\t\t\t\t\t\t\t\t\t\t\t\t<img loading=\"lazy\" decoding=\"async\" width=\"750\" height=\"500\" src=\"https:\/\/wisdomweave.at\/wp-content\/uploads\/2023\/09\/Grandparent-1024x683.jpg\" class=\"attachment-large size-large wp-image-446\" alt=\"\" srcset=\"https:\/\/wisdomweave.at\/wp-content\/uploads\/2023\/09\/Grandparent-1024x683.jpg 1024w, https:\/\/wisdomweave.at\/wp-content\/uploads\/2023\/09\/Grandparent-300x200.jpg 300w, https:\/\/wisdomweave.at\/wp-content\/uploads\/2023\/09\/Grandparent-768x512.jpg 768w, https:\/\/wisdomweave.at\/wp-content\/uploads\/2023\/09\/Grandparent.jpg 1500w\" sizes=\"auto, (max-width: 750px) 100vw, 750px\" style=\"width:100%;height:66.67%;max-width:1500px\" \/>\t\t\t\t\t\t\t\t\t\t\t\t\t\t\t<\/div>\n\t\t\t\t<\/div>\n\t\t\t\t\t<\/div>\n\t\t<\/div>\n\t\t\t\t<div class=\"elementor-column elementor-col-50 elementor-inner-column elementor-element elementor-element-da84955\" data-id=\"da84955\" data-element_type=\"column\">\n\t\t\t<div class=\"elementor-widget-wrap elementor-element-populated\">\n\t\t\t\t\t\t\t\t<div class=\"elementor-element elementor-element-eedd8e1 elementor-widget elementor-widget-heading\" data-id=\"eedd8e1\" data-element_type=\"widget\" data-widget_type=\"heading.default\">\n\t\t\t\t<div class=\"elementor-widget-container\">\n\t\t\t<h2 class=\"elementor-heading-title elementor-size-default\"><a href=\"https:\/\/wisdomweave.at\/de\/intergenerational-relations\/\">Intergenerationale Beziehungen<\/a><\/h2>\t\t<\/div>\n\t\t\t\t<\/div>\n\t\t\t\t<div class=\"elementor-element elementor-element-8f94b06 elementor-widget elementor-widget-text-editor\" data-id=\"8f94b06\" data-element_type=\"widget\" data-widget_type=\"text-editor.default\">\n\t\t\t\t<div class=\"elementor-widget-container\">\n\t\t\t\t\t\t\t<p><span style=\"color: #666666;\">Wisdom Weave geht es nicht nur um das Erlangen von Wissen; es handelt sich um die Feier des Gemeinschaftsaufbaus und der F\u00f6rderung internationale Beziehungen. Statt auf Suchmaschinen oder virtuelle Assistenten zur\u00fcckzugreifen, ermutigt dieses Projekt Personen, sich mit Experten aus dem realen Leben in ihrer eigenen Nachbarschaft zu besch\u00e4ftigen. Es ist eine Gelegenheit, sich mit den erfahrenen Talenten zu verbinden, die ihr Leben verschiedenen Bereichen gewidmet haben und nun begierig sind, ihr Wissen an die n\u00e4chste Generation weiterzugeben.<\/span><\/p>\t\t\t\t\t\t<\/div>\n\t\t\t\t<\/div>\n\t\t\t\t\t<\/div>\n\t\t<\/div>\n\t\t\t\t\t\t\t<\/div>\n\t\t<\/section>\n\t\t\t\t<section class=\"elementor-section elementor-inner-section elementor-element elementor-element-3c0643c elementor-section-boxed elementor-section-height-default elementor-section-height-default\" data-id=\"3c0643c\" data-element_type=\"section\">\n\t\t\t\t\t\t<div class=\"elementor-container elementor-column-gap-default\">\n\t\t\t\t\t<div class=\"elementor-column elementor-col-50 elementor-inner-column elementor-element elementor-element-c5b0015\" data-id=\"c5b0015\" data-element_type=\"column\">\n\t\t\t<div class=\"elementor-widget-wrap elementor-element-populated\">\n\t\t\t\t\t\t\t\t<div class=\"elementor-element elementor-element-667b493 elementor-widget elementor-widget-image\" data-id=\"667b493\" data-element_type=\"widget\" data-widget_type=\"image.default\">\n\t\t\t\t<div class=\"elementor-widget-container\">\n\t\t\t\t\t\t\t\t\t\t\t\t\t\t\t<img loading=\"lazy\" decoding=\"async\" width=\"750\" height=\"422\" src=\"https:\/\/wisdomweave.at\/wp-content\/uploads\/2023\/09\/getty_509588925_139846-1024x576.jpg\" class=\"attachment-large size-large wp-image-435\" alt=\"\" srcset=\"https:\/\/wisdomweave.at\/wp-content\/uploads\/2023\/09\/getty_509588925_139846-1024x576.jpg 1024w, https:\/\/wisdomweave.at\/wp-content\/uploads\/2023\/09\/getty_509588925_139846-300x169.jpg 300w, https:\/\/wisdomweave.at\/wp-content\/uploads\/2023\/09\/getty_509588925_139846-768x432.jpg 768w, https:\/\/wisdomweave.at\/wp-content\/uploads\/2023\/09\/getty_509588925_139846-1536x864.jpg 1536w, https:\/\/wisdomweave.at\/wp-content\/uploads\/2023\/09\/getty_509588925_139846-1568x882.jpg 1568w, https:\/\/wisdomweave.at\/wp-content\/uploads\/2023\/09\/getty_509588925_139846.jpg 1920w\" sizes=\"auto, (max-width: 750px) 100vw, 750px\" style=\"width:100%;height:56.25%;max-width:1920px\" \/>\t\t\t\t\t\t\t\t\t\t\t\t\t\t\t<\/div>\n\t\t\t\t<\/div>\n\t\t\t\t\t<\/div>\n\t\t<\/div>\n\t\t\t\t<div class=\"elementor-column elementor-col-50 elementor-inner-column elementor-element elementor-element-3963473\" data-id=\"3963473\" data-element_type=\"column\">\n\t\t\t<div class=\"elementor-widget-wrap elementor-element-populated\">\n\t\t\t\t\t\t\t\t<div class=\"elementor-element elementor-element-0aedc2a elementor-widget elementor-widget-heading\" data-id=\"0aedc2a\" data-element_type=\"widget\" data-widget_type=\"heading.default\">\n\t\t\t\t<div class=\"elementor-widget-container\">\n\t\t\t<h2 class=\"elementor-heading-title elementor-size-default\"><a href=\"https:\/\/wisdomweave.at\/de\/community-building\/\">Gemeinschaftsaufbau<\/a><\/h2>\t\t<\/div>\n\t\t\t\t<\/div>\n\t\t\t\t<div class=\"elementor-element elementor-element-9e9e0f5 elementor-widget elementor-widget-text-editor\" data-id=\"9e9e0f5\" data-element_type=\"widget\" data-widget_type=\"text-editor.default\">\n\t\t\t\t<div class=\"elementor-widget-container\">\n\t\t\t\t\t\t\t<p><span style=\"color: #666666;\">Wisdom Weave spielt eine wichtige Rolle beim Aufbau von Gemeinschaften. Durch aktive Auseinandersetzung mit Senior:innen und Wertsch\u00e4tzung ihrer Beitr\u00e4ge f\u00f6rdern wir ein Gef\u00fchl der Zusammengeh\u00f6rigkeit und des gegenseitigen Respekts in unseren Nachbarschaften. Das Wisdom Weave Projekt ist ein Beweis f\u00fcr den Glauben, dass jede Person, unabh\u00e4ngig von ihrem Alter, etwas Wertvolles beizutragen hat, und erinnert uns daran, wie wichtig es ist, unser kollektives Erbe zu bewahren<\/span><\/p>\t\t\t\t\t\t<\/div>\n\t\t\t\t<\/div>\n\t\t\t\t\t<\/div>\n\t\t<\/div>\n\t\t\t\t\t\t\t<\/div>\n\t\t<\/section>\n\t\t\t\t<section class=\"elementor-section elementor-inner-section elementor-element elementor-element-1a1ea7e elementor-section-boxed elementor-section-height-default elementor-section-height-default\" data-id=\"1a1ea7e\" data-element_type=\"section\">\n\t\t\t\t\t\t<div class=\"elementor-container elementor-column-gap-default\">\n\t\t\t\t\t<div class=\"elementor-column elementor-col-50 elementor-inner-column elementor-element elementor-element-f284c33\" data-id=\"f284c33\" data-element_type=\"column\">\n\t\t\t<div class=\"elementor-widget-wrap elementor-element-populated\">\n\t\t\t\t\t\t\t\t<div class=\"elementor-element elementor-element-a6ecec9 elementor-widget elementor-widget-image\" data-id=\"a6ecec9\" data-element_type=\"widget\" data-widget_type=\"image.default\">\n\t\t\t\t<div class=\"elementor-widget-container\">\n\t\t\t\t\t\t\t\t\t\t\t\t\t\t\t<img loading=\"lazy\" decoding=\"async\" width=\"750\" height=\"422\" src=\"https:\/\/wisdomweave.at\/wp-content\/uploads\/2023\/09\/1254709312-IC-1920x1080-1-1024x576.jpg\" class=\"attachment-large size-large wp-image-442\" alt=\"\" srcset=\"https:\/\/wisdomweave.at\/wp-content\/uploads\/2023\/09\/1254709312-IC-1920x1080-1-1024x576.jpg 1024w, https:\/\/wisdomweave.at\/wp-content\/uploads\/2023\/09\/1254709312-IC-1920x1080-1-300x169.jpg 300w, https:\/\/wisdomweave.at\/wp-content\/uploads\/2023\/09\/1254709312-IC-1920x1080-1-768x432.jpg 768w, https:\/\/wisdomweave.at\/wp-content\/uploads\/2023\/09\/1254709312-IC-1920x1080-1-1536x864.jpg 1536w, https:\/\/wisdomweave.at\/wp-content\/uploads\/2023\/09\/1254709312-IC-1920x1080-1-1568x882.jpg 1568w, https:\/\/wisdomweave.at\/wp-content\/uploads\/2023\/09\/1254709312-IC-1920x1080-1.jpg 1920w\" sizes=\"auto, (max-width: 750px) 100vw, 750px\" style=\"width:100%;height:56.25%;max-width:1920px\" \/>\t\t\t\t\t\t\t\t\t\t\t\t\t\t\t<\/div>\n\t\t\t\t<\/div>\n\t\t\t\t\t<\/div>\n\t\t<\/div>\n\t\t\t\t<div class=\"elementor-column elementor-col-50 elementor-inner-column elementor-element elementor-element-5fb7541\" data-id=\"5fb7541\" data-element_type=\"column\">\n\t\t\t<div class=\"elementor-widget-wrap elementor-element-populated\">\n\t\t\t\t\t\t\t\t<div class=\"elementor-element elementor-element-409c4f7 elementor-widget elementor-widget-heading\" data-id=\"409c4f7\" data-element_type=\"widget\" data-widget_type=\"heading.default\">\n\t\t\t\t<div class=\"elementor-widget-container\">\n\t\t\t<h2 class=\"elementor-heading-title elementor-size-default\"><a href=\"https:\/\/wisdomweave.at\/de\/social-sustainability\/\">Soziale Nachhaltigkeit<\/a><\/h2>\t\t<\/div>\n\t\t\t\t<\/div>\n\t\t\t\t<div class=\"elementor-element elementor-element-db16bf8 elementor-widget elementor-widget-text-editor\" data-id=\"db16bf8\" data-element_type=\"widget\" data-widget_type=\"text-editor.default\">\n\t\t\t\t<div class=\"elementor-widget-container\">\n\t\t\t\t\t\t\t<p><span style=\"color: #666666;\">Wisdom Weave f\u00f6rdert die soziale Nachhaltigkeit durch intergenerationale Verbindungen, den Austausch von Wissen und den Aufbau von Gemeinschaften. Durch das Zusammenbringen von Menschen unterschiedlichen Alters f\u00f6rdern wir Verst\u00e4ndnis, Respekt und Empathie. Durch unsere Programme bef\u00e4higen wir Einzelpersonen, wertvolles Fachwissen und kulturelles Erbe zu bewahren. Unsere Initiativen schaffen M\u00f6glichkeiten zur Zusammenarbeit, aktiven Beteiligung und sozialem Zusammenhalt. Wisdom Weave ist dem Aufbau einer nachhaltigen Zukunft gewidmet, in der Generationen gemeinsam gedeihen.<\/span><\/p>\t\t\t\t\t\t<\/div>\n\t\t\t\t<\/div>\n\t\t\t\t\t<\/div>\n\t\t<\/div>\n\t\t\t\t\t\t\t<\/div>\n\t\t<\/section>\n\t\t\t\t\t<\/div>\n\t\t<\/div>\n\t\t\t\t\t\t\t<\/div>\n\t\t<\/section>\n\t\t\t\t\t\t\t<\/div>\n\t\t","protected":false},"excerpt":{"rendered":"<p>Wirkungsbereiche Wissenstransfer Diese einzigartige Initiative basiert auf der Erkenntnis des Reichtums an Weisheit, den lokale Weisheitstr\u00e4ger:innen besitzen, und der Notwendigkeit, ihn an zuk\u00fcnftige Generationen weiterzugeben. Durch die Nutzung eines Netzwerks von Senior-Experten und eines physischen Gemeindezentrums bietet Wisdom Weave eine einzigartige Plattform f\u00fcr den Wissensaustausch. Intergenerationale Beziehungen Wisdom Weave geht es nicht nur um das&hellip; <a class=\"more-link\" href=\"https:\/\/wisdomweave.at\/de\/service-area\/\"><span class=\"screen-reader-text\">Service Area<\/span> weiterlesen<\/a><\/p>\n","protected":false},"author":1,"featured_media":0,"parent":0,"menu_order":0,"comment_status":"closed","ping_status":"closed","template":"elementor_header_footer","meta":{"footnotes":""},"class_list":["post-198","page","type-page","status-publish","hentry","entry"],"_links":{"self":[{"href":"https:\/\/wisdomweave.at\/de\/wp-json\/wp\/v2\/pages\/198","targetHints":{"allow":["GET"]}}],"collection":[{"href":"https:\/\/wisdomweave.at\/de\/wp-json\/wp\/v2\/pages"}],"about":[{"href":"https:\/\/wisdomweave.at\/de\/wp-json\/wp\/v2\/types\/page"}],"author":[{"embeddable":true,"href":"https:\/\/wisdomweave.at\/de\/wp-json\/wp\/v2\/users\/1"}],"replies":[{"embeddable":true,"href":"https:\/\/wisdomweave.at\/de\/wp-json\/wp\/v2\/comments?post=198"}],"version-history":[{"count":110,"href":"https:\/\/wisdomweave.at\/de\/wp-json\/wp\/v2\/pages\/198\/revisions"}],"predecessor-version":[{"id":1575,"href":"https:\/\/wisdomweave.at\/de\/wp-json\/wp\/v2\/pages\/198\/revisions\/1575"}],"wp:attachment":[{"href":"https:\/\/wisdomweave.at\/de\/wp-json\/wp\/v2\/media?parent=198"}],"curies":[{"name":"wp","href":"https:\/\/api.w.org\/{rel}","templated":true}]}}